{"id":22,"date":"2012-02-29T21:16:31","date_gmt":"2012-02-29T20:16:31","guid":{"rendered":"http:\/\/heger-schulungen.de\/?page_id=22"},"modified":"2012-03-19T19:39:47","modified_gmt":"2012-03-19T18:39:47","slug":"der-referent","status":"publish","type":"page","link":"https:\/\/heger-schulungen.de\/?page_id=22","title":{"rendered":"Der Referent"},"content":{"rendered":"<p style=\"text-align: justify;\"><a href=\"http:\/\/heger-schulungen.de\/wp-content\/uploads\/2012\/03\/377547-BW_02.jpg\" rel=\"lightbox[22]\"><img decoding=\"async\" loading=\"lazy\" class=\"alignleft size-thumbnail wp-image-81\" title=\"377547-BW_02\" src=\"http:\/\/heger-schulungen.de\/wp-content\/uploads\/2012\/03\/377547-BW_02-150x150.jpg\" alt=\"\" width=\"150\" height=\"150\" \/><\/a><\/p>\n<p>Der Kulturwirt Pascal Heger ist vom T\u00dcV Nord ausgebildeter Brandschutzbeauftragter. Seit \u00fcber 15 Jahren besch\u00e4ftigt er sich mit professionellen Lehrmethoden, um seinen Zuh\u00f6rern Wissen m\u00f6glichst interessant und kurzweilig pr\u00e4sentieren zu k\u00f6nnen. Besonderen Wert legt er auf die aktive Einbindung des Publikums in den Vortrag, um diesen kurzweilig zu gestalten und das zu vermittelnde Wissen dauerhaft zu festigen. F\u00fcr die Interaktion mit den Teilnehmern greift er auf seine \u00fcber 13j\u00e4hrige Erfahrung im professionellen und semiprofessionellen Theaterbereich zur\u00fcck. F\u00fcr ein angenehmes und entspanntes Arbeitsklima w\u00fcrzt er seine Vortr\u00e4ge zudem mit einer Prise Humor.<\/p>\n","protected":false},"excerpt":{"rendered":"<p>Der Kulturwirt Pascal Heger ist vom T\u00dcV Nord ausgebildeter Brandschutzbeauftragter. Seit \u00fcber 15 Jahren besch\u00e4ftigt er sich mit professionellen Lehrmethoden, um seinen Zuh\u00f6rern Wissen m\u00f6glichst interessant und kurzweilig pr\u00e4sentieren zu k\u00f6nnen. Besonderen Wert legt er auf die aktive Einbindung des Publikums in den Vortrag, um diesen kurzweilig zu gestalten und das zu vermittelnde Wissen dauerhaft &hellip; <\/p>\n<p><a class=\"more-link btn\" href=\"https:\/\/heger-schulungen.de\/?page_id=22\">Weiterlesen<\/a><\/p>\n","protected":false},"author":2,"featured_media":0,"parent":0,"menu_order":40,"comment_status":"open","ping_status":"open","template":"","meta":[],"_links":{"self":[{"href":"https:\/\/heger-schulungen.de\/index.php?rest_route=\/wp\/v2\/pages\/22"}],"collection":[{"href":"https:\/\/heger-schulungen.de\/index.php?rest_route=\/wp\/v2\/pages"}],"about":[{"href":"https:\/\/heger-schulungen.de\/index.php?rest_route=\/wp\/v2\/types\/page"}],"author":[{"embeddable":true,"href":"https:\/\/heger-schulungen.de\/index.php?rest_route=\/wp\/v2\/users\/2"}],"replies":[{"embeddable":true,"href":"https:\/\/heger-schulungen.de\/index.php?rest_route=%2Fwp%2Fv2%2Fcomments&post=22"}],"version-history":[{"count":8,"href":"https:\/\/heger-schulungen.de\/index.php?rest_route=\/wp\/v2\/pages\/22\/revisions"}],"predecessor-version":[{"id":153,"href":"https:\/\/heger-schulungen.de\/index.php?rest_route=\/wp\/v2\/pages\/22\/revisions\/153"}],"wp:attachment":[{"href":"https:\/\/heger-schulungen.de\/index.php?rest_route=%2Fwp%2Fv2%2Fmedia&parent=22"}],"curies":[{"name":"wp","href":"https:\/\/api.w.org\/{rel}","templated":true}]}}