{"id":20,"date":"2012-02-29T21:18:10","date_gmt":"2012-02-29T20:18:10","guid":{"rendered":"http:\/\/heger-schulungen.de\/?page_id=20"},"modified":"2012-03-19T19:39:18","modified_gmt":"2012-03-19T18:39:18","slug":"raumanforderungen","status":"publish","type":"page","link":"https:\/\/heger-schulungen.de\/?page_id=20","title":{"rendered":"Raumanforderungen"},"content":{"rendered":"<p style=\"text-align: justify;\"><a href=\"http:\/\/heger-schulungen.de\/wp-content\/uploads\/2012\/03\/Vortragsraum.jpg\" rel=\"lightbox[20]\"><img decoding=\"async\" loading=\"lazy\" class=\"alignleft size-thumbnail wp-image-150\" title=\"Besprechungsraum\" src=\"http:\/\/heger-schulungen.de\/wp-content\/uploads\/2012\/03\/Vortragsraum-150x150.jpg\" alt=\"\" width=\"150\" height=\"150\" \/><\/a><\/p>\n<p>Prinzipiell kann der Vortrag in jedem Raum durchgef\u00fchrt werden. Es werden lediglich zwei Tische (Standartgr\u00f6\u00dfe), ein Beamer, ein Stromanschluss und eine Projektionsfl\u00e4che f\u00fcr die Pr\u00e4sentation ben\u00f6tigt.<\/p>\n<p>Bitte stellen Sie ihren Mitarbeitern \/ Kollegen St\u00fchle mit Lehne zur Verf\u00fcgung. Das Sitzen auf Bierzeltgarnituren ohne R\u00fcckenlehne hat sich in der Praxis nicht bew\u00e4hrt, da es sich bereits nach kurzer Zeit als anstrengend erweist. Das f\u00fchrt zu Unruhe bei den Zuh\u00f6rern, und hat somit einen Konzentrationsverlust zur Folge.<\/p>\n<p>Bitte beachten Sie, dass f\u00fcr die Dauer des Vortrages Rauchmelder, Sprinkleranlagen und Detonationsmelder deaktiviert werden m\u00fcssen, um Fehlalarme zu vermeiden. Im Rahmen des Vortrages wird zwar nur mit Mindermengen an Gefahrstoffen gearbeitet, diese k\u00f6nnten jedoch zu einer Alarmausl\u00f6sung f\u00fchren, wenn die genannten Sicherheitseinrichtungen im Vortragsraum nicht deaktiviert werden.<\/p>\n","protected":false},"excerpt":{"rendered":"<p>Prinzipiell kann der Vortrag in jedem Raum durchgef\u00fchrt werden. Es werden lediglich zwei Tische (Standartgr\u00f6\u00dfe), ein Beamer, ein Stromanschluss und eine Projektionsfl\u00e4che f\u00fcr die Pr\u00e4sentation ben\u00f6tigt. Bitte stellen Sie ihren Mitarbeitern \/ Kollegen St\u00fchle mit Lehne zur Verf\u00fcgung. Das Sitzen auf Bierzeltgarnituren ohne R\u00fcckenlehne hat sich in der Praxis nicht bew\u00e4hrt, da es sich bereits &hellip; <\/p>\n<p><a class=\"more-link btn\" href=\"https:\/\/heger-schulungen.de\/?page_id=20\">Weiterlesen<\/a><\/p>\n","protected":false},"author":2,"featured_media":0,"parent":0,"menu_order":30,"comment_status":"open","ping_status":"open","template":"","meta":[],"_links":{"self":[{"href":"https:\/\/heger-schulungen.de\/index.php?rest_route=\/wp\/v2\/pages\/20"}],"collection":[{"href":"https:\/\/heger-schulungen.de\/index.php?rest_route=\/wp\/v2\/pages"}],"about":[{"href":"https:\/\/heger-schulungen.de\/index.php?rest_route=\/wp\/v2\/types\/page"}],"author":[{"embeddable":true,"href":"https:\/\/heger-schulungen.de\/index.php?rest_route=\/wp\/v2\/users\/2"}],"replies":[{"embeddable":true,"href":"https:\/\/heger-schulungen.de\/index.php?rest_route=%2Fwp%2Fv2%2Fcomments&post=20"}],"version-history":[{"count":13,"href":"https:\/\/heger-schulungen.de\/index.php?rest_route=\/wp\/v2\/pages\/20\/revisions"}],"predecessor-version":[{"id":160,"href":"https:\/\/heger-schulungen.de\/index.php?rest_route=\/wp\/v2\/pages\/20\/revisions\/160"}],"wp:attachment":[{"href":"https:\/\/heger-schulungen.de\/index.php?rest_route=%2Fwp%2Fv2%2Fmedia&parent=20"}],"curies":[{"name":"wp","href":"https:\/\/api.w.org\/{rel}","templated":true}]}}