{"id":18,"date":"2012-02-29T21:15:57","date_gmt":"2012-02-29T20:15:57","guid":{"rendered":"http:\/\/heger-schulungen.de\/?page_id=18"},"modified":"2012-04-01T20:00:25","modified_gmt":"2012-04-01T18:00:25","slug":"leistungen","status":"publish","type":"page","link":"https:\/\/heger-schulungen.de\/?page_id=18","title":{"rendered":"Leistungen"},"content":{"rendered":"<p><span style=\"text-decoration: underline;\"><a href=\"http:\/\/heger-schulungen.de\/wp-content\/uploads\/2012\/02\/Stahlwolle_kl.jpg\" rel=\"lightbox[18]\"><img decoding=\"async\" loading=\"lazy\" class=\"alignleft size-thumbnail wp-image-167\" title=\"Stahlwolle_kl\" src=\"http:\/\/heger-schulungen.de\/wp-content\/uploads\/2012\/02\/Stahlwolle_kl-150x150.jpg\" alt=\"\" width=\"150\" height=\"150\" \/><\/a><\/span><strong>Heger-Schulungen bieten:<\/strong><\/p>\n<table border=\"0\" bgcolor=\"transparent\">\n<tbody>\n<tr bgcolor=\"transparent\">\n<td bgcolor=\"transparent\">\n<ul>\n<li>Professionelle und erfolgreich erprobte Vortr\u00e4ge<\/li>\n<li>Abdeckung eines Teiles der j\u00e4hrlichen Unterweisungspflicht des Unternehmens nach \u00a7 4, Abs. 1 der Unfallverh\u00fctungsvorschriften &#8222;Grunds\u00e4tze der Pr\u00e4vention&#8220; BGV A 1 und nach \u00a7 14, Abs. 2 der Gefahrstoffverordnung.<\/li>\n<li>Eine kurzweilige Veranstaltung mit bleibendem Effekt bei Ihren Mitarbeitern<\/li>\n<li>Preise, die sich jedes Unternehmen leisten kann<\/li>\n<\/ul>\n<\/td>\n<\/tr>\n<\/tbody>\n<\/table>\n<p>&nbsp;<\/p>\n<h1>\n<p align=\"center\"><strong>Hegers Experimentalvortrag hat nur ein Ziel: Ihre Sicherheit!<\/strong><\/p>\n<\/h1>\n<p>&nbsp;<\/p>\n<p><span style=\"text-decoration: underline;\"><a href=\"http:\/\/heger-schulungen.de\/wp-content\/uploads\/2012\/02\/Tropfenversuch_kl.jpg\" rel=\"lightbox[18]\"><img decoding=\"async\" loading=\"lazy\" class=\"alignleft size-thumbnail wp-image-171\" title=\"Tropfenversuch_kl\" src=\"http:\/\/heger-schulungen.de\/wp-content\/uploads\/2012\/02\/Tropfenversuch_kl-150x150.jpg\" alt=\"\" width=\"150\" height=\"150\" \/><\/a><\/span><strong>Heger-Schulungen garantieren:<\/strong><\/p>\n<table border=\"0\" bgcolor=\"transparent\">\n<tbody>\n<tr bgcolor=\"transparent\">\n<td bgcolor=\"transparent\">\n<ul>\n<li>Der Vortrag ist frei von Werbung oder Datenerhebungen<\/li>\n<li>Er ist kurzweilig und unterhaltsam gestaltet, um die optimale Aufmerksamkeit bei Ihren Kollegen zu erhalten<\/li>\n<li>Er wird auf Basis professioneller und moderner Unterrichtsmethoden durchgef\u00fchrt, um einen langfristigen Lernerfolg zu erzielen.<\/li>\n<\/ul>\n<\/td>\n<\/tr>\n<\/tbody>\n<\/table>\n<p><strong><br \/>\n<\/strong><\/p>\n","protected":false},"excerpt":{"rendered":"<p>Heger-Schulungen bieten: Professionelle und erfolgreich erprobte Vortr\u00e4ge Abdeckung eines Teiles der j\u00e4hrlichen Unterweisungspflicht des Unternehmens nach \u00a7 4, Abs. 1 der Unfallverh\u00fctungsvorschriften &#8222;Grunds\u00e4tze der Pr\u00e4vention&#8220; BGV A 1 und nach \u00a7 14, Abs. 2 der Gefahrstoffverordnung. Eine kurzweilige Veranstaltung mit bleibendem Effekt bei Ihren Mitarbeitern Preise, die sich jedes Unternehmen leisten kann &nbsp; Hegers Experimentalvortrag &hellip; <\/p>\n<p><a class=\"more-link btn\" href=\"https:\/\/heger-schulungen.de\/?page_id=18\">Weiterlesen<\/a><\/p>\n","protected":false},"author":2,"featured_media":0,"parent":0,"menu_order":20,"comment_status":"open","ping_status":"open","template":"","meta":[],"_links":{"self":[{"href":"https:\/\/heger-schulungen.de\/index.php?rest_route=\/wp\/v2\/pages\/18"}],"collection":[{"href":"https:\/\/heger-schulungen.de\/index.php?rest_route=\/wp\/v2\/pages"}],"about":[{"href":"https:\/\/heger-schulungen.de\/index.php?rest_route=\/wp\/v2\/types\/page"}],"author":[{"embeddable":true,"href":"https:\/\/heger-schulungen.de\/index.php?rest_route=\/wp\/v2\/users\/2"}],"replies":[{"embeddable":true,"href":"https:\/\/heger-schulungen.de\/index.php?rest_route=%2Fwp%2Fv2%2Fcomments&post=18"}],"version-history":[{"count":34,"href":"https:\/\/heger-schulungen.de\/index.php?rest_route=\/wp\/v2\/pages\/18\/revisions"}],"predecessor-version":[{"id":203,"href":"https:\/\/heger-schulungen.de\/index.php?rest_route=\/wp\/v2\/pages\/18\/revisions\/203"}],"wp:attachment":[{"href":"https:\/\/heger-schulungen.de\/index.php?rest_route=%2Fwp%2Fv2%2Fmedia&parent=18"}],"curies":[{"name":"wp","href":"https:\/\/api.w.org\/{rel}","templated":true}]}}