{"id":16,"date":"2012-02-29T21:15:40","date_gmt":"2012-02-29T20:15:40","guid":{"rendered":"http:\/\/heger-schulungen.de\/?page_id=16"},"modified":"2012-03-19T19:37:20","modified_gmt":"2012-03-19T18:37:20","slug":"der-vortrag","status":"publish","type":"page","link":"https:\/\/heger-schulungen.de\/?page_id=16","title":{"rendered":"Der Vortrag"},"content":{"rendered":"<p style=\"text-align: justify;\"><a href=\"http:\/\/heger-schulungen.de\/wp-content\/uploads\/2012\/03\/Beamer.jpg\" rel=\"lightbox[16]\"><img decoding=\"async\" loading=\"lazy\" class=\"alignleft size-thumbnail wp-image-149\" title=\"video projector\" src=\"http:\/\/heger-schulungen.de\/wp-content\/uploads\/2012\/03\/Beamer-150x150.jpg\" alt=\"\" width=\"150\" height=\"150\" \/><\/a><\/p>\n<p>Sie f\u00fchren die j\u00e4hrliche Sicherheitsunterweisung in Ihrem Unternehmen durch, aber Ihre Kollegen h\u00f6ren Ihnen von Jahr zu Jahr weniger zu? Sie f\u00fchlen sich mittlerweile wie der \u201eProphet im eigenen Lande\u201c? Vielleicht m\u00f6chten Sie ihren Kollegen bei der diesj\u00e4hrigen Sicherheitsunterweisung aber auch nur etwas ganz anderes pr\u00e4sentieren? Dann ist es Zeit f\u00fcr den HEGERs Experimentalvortrag.<\/p>\n<p>&nbsp;<\/p>\n<p>HEGERs Experimentalvortrag f\u00fchrt Ihnen und Ihren Kollegen eindrucksvoll vor Augen, dass es <strong>in jedem Unternehmen Stoffe mit erheblichen Gefahrenpotenzial <\/strong>gibt: \u00d6le, Fette, L\u00f6semittel, verschiedene Gase, Metalle und Druckgaspackungen. Zus\u00e4tzlich nimmt sich der Vortrag auch der Themen \u201eLaugen und S\u00e4uren\u201c an. Welche erheblichen Gefahren mit diesen Stoffen verbunden sind, zeigt Ihnen der HEGER Experimentalvortrag . <strong>Live und vor Ort!<\/strong><\/p>\n<p>&nbsp;<\/p>\n<p>Selbstverst\u00e4ndlich ist die Demonstration vollkommen sicher. Es wird generell nur mit Kleinstmengen gearbeitet. Dennoch: <strong>Der Eindruck ist gewaltig \u2013 und bleibt!<\/strong> Denn pl\u00f6tzlich brennen Stoffe, die eigentlich nicht brennen d\u00fcrften. Scheinbar sichere Arbeitssituationen, bei denen man sich an\u00a0 Sicherheitsvorschriften hielt, erweisen sich auf einmal als lebensgef\u00e4hrlich. Das tagt\u00e4glich genutzte L\u00f6semittel brennt nicht nur, es explodiert auch!<\/p>\n<p>&nbsp;<\/p>\n<p>Wie kommt es \u00fcberhaupt zum Brand? Wie zur Explosion? HEGERs Experimentalvortag zeigt es Ihnen!<\/p>\n<p>&nbsp;<\/p>\n<p style=\"text-align: justify;\">Der Vortrag wird von einer professionellen Pr\u00e4sentation begleitet, in der auch auf die theoretischen Hintergr\u00fcnde der Brand- und Explosionsentstehung eingegangen wird \u2013 <strong>verst\u00e4ndlich erkl\u00e4rt f\u00fcr Jedermann<\/strong>. Bilder realer Schadensf\u00e4lle untermauern die Experimente eindrucksvoll. Somit wird der Vortrag zu einem kurzweiligen und unterhaltsamen Ereignis f\u00fcr jeden Mitarbeiter.<\/p>\n","protected":false},"excerpt":{"rendered":"<p>Sie f\u00fchren die j\u00e4hrliche Sicherheitsunterweisung in Ihrem Unternehmen durch, aber Ihre Kollegen h\u00f6ren Ihnen von Jahr zu Jahr weniger zu? Sie f\u00fchlen sich mittlerweile wie der \u201eProphet im eigenen Lande\u201c? Vielleicht m\u00f6chten Sie ihren Kollegen bei der diesj\u00e4hrigen Sicherheitsunterweisung aber auch nur etwas ganz anderes pr\u00e4sentieren? Dann ist es Zeit f\u00fcr den HEGERs Experimentalvortrag. &nbsp; &hellip; <\/p>\n<p><a class=\"more-link btn\" href=\"https:\/\/heger-schulungen.de\/?page_id=16\">Weiterlesen<\/a><\/p>\n","protected":false},"author":2,"featured_media":0,"parent":0,"menu_order":10,"comment_status":"open","ping_status":"open","template":"","meta":[],"_links":{"self":[{"href":"https:\/\/heger-schulungen.de\/index.php?rest_route=\/wp\/v2\/pages\/16"}],"collection":[{"href":"https:\/\/heger-schulungen.de\/index.php?rest_route=\/wp\/v2\/pages"}],"about":[{"href":"https:\/\/heger-schulungen.de\/index.php?rest_route=\/wp\/v2\/types\/page"}],"author":[{"embeddable":true,"href":"https:\/\/heger-schulungen.de\/index.php?rest_route=\/wp\/v2\/users\/2"}],"replies":[{"embeddable":true,"href":"https:\/\/heger-schulungen.de\/index.php?rest_route=%2Fwp%2Fv2%2Fcomments&post=16"}],"version-history":[{"count":11,"href":"https:\/\/heger-schulungen.de\/index.php?rest_route=\/wp\/v2\/pages\/16\/revisions"}],"predecessor-version":[{"id":156,"href":"https:\/\/heger-schulungen.de\/index.php?rest_route=\/wp\/v2\/pages\/16\/revisions\/156"}],"wp:attachment":[{"href":"https:\/\/heger-schulungen.de\/index.php?rest_route=%2Fwp%2Fv2%2Fmedia&parent=16"}],"curies":[{"name":"wp","href":"https:\/\/api.w.org\/{rel}","templated":true}]}}